{"id":12,"date":"2024-12-03T23:41:19","date_gmt":"2024-12-03T23:41:19","guid":{"rendered":"https:\/\/isufh2025cdmx.fa.unam.mx\/?page_id=12"},"modified":"2025-11-26T19:40:16","modified_gmt":"2025-11-27T01:40:16","slug":"inicio","status":"publish","type":"page","link":"https:\/\/isufh2025cdmx.fa.unam.mx\/","title":{"rendered":"IX Congreso ISUF-H 2025"},"content":{"rendered":"\n<div class=\"wp-block-group alignfull is-layout-constrained wp-container-core-group-is-layout-2 wp-block-group-is-layout-constrained\" style=\"padding-top:var(--wp--preset--spacing--50);padding-right:var(--wp--preset--spacing--50);padding-bottom:var(--wp--preset--spacing--50);padding-left:var(--wp--preset--spacing--50)\">\n<figure class=\"wp-block-image alignwide size-full is-style-default\"><img loading=\"lazy\" decoding=\"async\" width=\"2560\" height=\"1340\" src=\"https:\/\/isufh2025cdmx.fa.unam.mx\/wp-content\/uploads\/2024\/12\/BANNER_PAGINA-INICIO_05122024-01-scaled.jpg\" alt=\"\" class=\"wp-image-209\" srcset=\"https:\/\/isufh2025cdmx.fa.unam.mx\/wp-content\/uploads\/2024\/12\/BANNER_PAGINA-INICIO_05122024-01-scaled.jpg 2560w, https:\/\/isufh2025cdmx.fa.unam.mx\/wp-content\/uploads\/2024\/12\/BANNER_PAGINA-INICIO_05122024-01-300x157.jpg 300w, https:\/\/isufh2025cdmx.fa.unam.mx\/wp-content\/uploads\/2024\/12\/BANNER_PAGINA-INICIO_05122024-01-1024x536.jpg 1024w, https:\/\/isufh2025cdmx.fa.unam.mx\/wp-content\/uploads\/2024\/12\/BANNER_PAGINA-INICIO_05122024-01-768x402.jpg 768w, https:\/\/isufh2025cdmx.fa.unam.mx\/wp-content\/uploads\/2024\/12\/BANNER_PAGINA-INICIO_05122024-01-1536x804.jpg 1536w, https:\/\/isufh2025cdmx.fa.unam.mx\/wp-content\/uploads\/2024\/12\/BANNER_PAGINA-INICIO_05122024-01-2048x1072.jpg 2048w\" sizes=\"auto, (max-width: 2560px) 100vw, 2560px\" \/><\/figure>\n\n\n\n<div style=\"height:55px\" aria-hidden=\"true\" class=\"wp-block-spacer\"><\/div>\n\n\n\n<div class=\"wp-block-columns is-layout-flex wp-container-core-columns-is-layout-1 wp-block-columns-is-layout-flex\">\n<div class=\"wp-block-column is-layout-flow wp-block-column-is-layout-flow\">\n<figure class=\"wp-block-image size-large\"><img loading=\"lazy\" decoding=\"async\" width=\"1024\" height=\"130\" src=\"https:\/\/isufh2025cdmx.fa.unam.mx\/wp-content\/uploads\/2025\/11\/PLECA-FOOTER_ISUF-H-2025-1024x130.jpg\" alt=\"\" class=\"wp-image-716\" srcset=\"https:\/\/isufh2025cdmx.fa.unam.mx\/wp-content\/uploads\/2025\/11\/PLECA-FOOTER_ISUF-H-2025-1024x130.jpg 1024w, https:\/\/isufh2025cdmx.fa.unam.mx\/wp-content\/uploads\/2025\/11\/PLECA-FOOTER_ISUF-H-2025-300x38.jpg 300w, https:\/\/isufh2025cdmx.fa.unam.mx\/wp-content\/uploads\/2025\/11\/PLECA-FOOTER_ISUF-H-2025-768x98.jpg 768w, https:\/\/isufh2025cdmx.fa.unam.mx\/wp-content\/uploads\/2025\/11\/PLECA-FOOTER_ISUF-H-2025-1536x195.jpg 1536w, https:\/\/isufh2025cdmx.fa.unam.mx\/wp-content\/uploads\/2025\/11\/PLECA-FOOTER_ISUF-H-2025.jpg 1920w\" sizes=\"auto, (max-width: 1024px) 100vw, 1024px\" \/><\/figure>\n<\/div>\n\n\n\n<div class=\"wp-block-column is-layout-flow wp-block-column-is-layout-flow\">\n<div class=\"wp-block-buttons is-content-justification-center is-layout-flex wp-container-core-buttons-is-layout-1 wp-block-buttons-is-layout-flex\">\n<div class=\"wp-block-button\"><a class=\"wp-block-button__link wp-element-button\" href=\"https:\/\/isufh2025cdmx.fa.unam.mx\/?page_id=523\" target=\"_blank\" rel=\"noreferrer noopener\">Consulta aqu\u00ed el Programa Completo<\/a><\/div>\n<\/div>\n<\/div>\n\n\n\n<div class=\"wp-block-column is-layout-flow wp-block-column-is-layout-flow\">\n<figure class=\"wp-block-image size-large\"><img loading=\"lazy\" decoding=\"async\" width=\"1024\" height=\"130\" src=\"https:\/\/isufh2025cdmx.fa.unam.mx\/wp-content\/uploads\/2025\/11\/PLECA-FOOTER_ISUF-H-2025-1024x130.jpg\" alt=\"\" class=\"wp-image-716\" srcset=\"https:\/\/isufh2025cdmx.fa.unam.mx\/wp-content\/uploads\/2025\/11\/PLECA-FOOTER_ISUF-H-2025-1024x130.jpg 1024w, https:\/\/isufh2025cdmx.fa.unam.mx\/wp-content\/uploads\/2025\/11\/PLECA-FOOTER_ISUF-H-2025-300x38.jpg 300w, https:\/\/isufh2025cdmx.fa.unam.mx\/wp-content\/uploads\/2025\/11\/PLECA-FOOTER_ISUF-H-2025-768x98.jpg 768w, https:\/\/isufh2025cdmx.fa.unam.mx\/wp-content\/uploads\/2025\/11\/PLECA-FOOTER_ISUF-H-2025-1536x195.jpg 1536w, https:\/\/isufh2025cdmx.fa.unam.mx\/wp-content\/uploads\/2025\/11\/PLECA-FOOTER_ISUF-H-2025.jpg 1920w\" sizes=\"auto, (max-width: 1024px) 100vw, 1024px\" \/><\/figure>\n<\/div>\n<\/div>\n\n\n\n<div style=\"height:55px\" aria-hidden=\"true\" class=\"wp-block-spacer\"><\/div>\n\n\n\n<h1 class=\"wp-block-heading has-text-align-center\">AVISOS<\/h1>\n\n\n\n<div class=\"wp-block-jetpack-slideshow aligncenter\" data-effect=\"slide\"><div class=\"wp-block-jetpack-slideshow_container swiper-container\"><ul class=\"wp-block-jetpack-slideshow_swiper-wrapper swiper-wrapper\"><li class=\"wp-block-jetpack-slideshow_slide swiper-slide\"><figure><img loading=\"lazy\" decoding=\"async\" width=\"1024\" height=\"768\" alt=\"https:\/\/forms.gle\/QtKppU1bxQhYeZX3A\" class=\"wp-block-jetpack-slideshow_image wp-image-626\" data-id=\"626\" src=\"https:\/\/isufh2025cdmx.fa.unam.mx\/wp-content\/uploads\/2025\/11\/Aviso-ISUF-H-2FORMULARIO-1-1024x768.jpg\" srcset=\"https:\/\/isufh2025cdmx.fa.unam.mx\/wp-content\/uploads\/2025\/11\/Aviso-ISUF-H-2FORMULARIO-1-1024x768.jpg 1024w, https:\/\/isufh2025cdmx.fa.unam.mx\/wp-content\/uploads\/2025\/11\/Aviso-ISUF-H-2FORMULARIO-1-300x225.jpg 300w, https:\/\/isufh2025cdmx.fa.unam.mx\/wp-content\/uploads\/2025\/11\/Aviso-ISUF-H-2FORMULARIO-1-768x576.jpg 768w, https:\/\/isufh2025cdmx.fa.unam.mx\/wp-content\/uploads\/2025\/11\/Aviso-ISUF-H-2FORMULARIO-1-1536x1152.jpg 1536w, https:\/\/isufh2025cdmx.fa.unam.mx\/wp-content\/uploads\/2025\/11\/Aviso-ISUF-H-2FORMULARIO-1-2048x1536.jpg 2048w\" sizes=\"auto, (max-width: 1024px) 100vw, 1024px\" \/><figcaption class=\"wp-block-jetpack-slideshow_caption gallery-caption\">Enlace: https:\/\/forms.gle\/QtKppU1bxQhYeZX3A<\/figcaption><\/figure><\/li><li class=\"wp-block-jetpack-slideshow_slide swiper-slide\"><figure><img loading=\"lazy\" decoding=\"async\" width=\"1024\" height=\"1024\" alt=\"\" class=\"wp-block-jetpack-slideshow_image wp-image-621\" data-id=\"621\" src=\"https:\/\/isufh2025cdmx.fa.unam.mx\/wp-content\/uploads\/2025\/10\/Aviso-ISUF-H2-1024x1024.jpg\" srcset=\"https:\/\/isufh2025cdmx.fa.unam.mx\/wp-content\/uploads\/2025\/10\/Aviso-ISUF-H2-1024x1024.jpg 1024w, https:\/\/isufh2025cdmx.fa.unam.mx\/wp-content\/uploads\/2025\/10\/Aviso-ISUF-H2-300x300.jpg 300w, https:\/\/isufh2025cdmx.fa.unam.mx\/wp-content\/uploads\/2025\/10\/Aviso-ISUF-H2-150x150.jpg 150w, https:\/\/isufh2025cdmx.fa.unam.mx\/wp-content\/uploads\/2025\/10\/Aviso-ISUF-H2-768x768.jpg 768w, https:\/\/isufh2025cdmx.fa.unam.mx\/wp-content\/uploads\/2025\/10\/Aviso-ISUF-H2-1536x1536.jpg 1536w, https:\/\/isufh2025cdmx.fa.unam.mx\/wp-content\/uploads\/2025\/10\/Aviso-ISUF-H2.jpg 1701w\" sizes=\"auto, (max-width: 1024px) 100vw, 1024px\" \/><\/figure><\/li><\/ul><a class=\"wp-block-jetpack-slideshow_button-prev swiper-button-prev swiper-button-white\" role=\"button\"><\/a><a class=\"wp-block-jetpack-slideshow_button-next swiper-button-next swiper-button-white\" role=\"button\"><\/a><a aria-label=\"Pause Slideshow\" class=\"wp-block-jetpack-slideshow_button-pause\" role=\"button\"><\/a><div class=\"wp-block-jetpack-slideshow_pagination swiper-pagination swiper-pagination-white\"><\/div><\/div><\/div>\n\n\n\n<div class=\"wp-block-group is-layout-constrained wp-container-core-group-is-layout-1 wp-block-group-is-layout-constrained\">\n<div class=\"wp-block-buttons is-content-justification-center is-layout-flex wp-container-core-buttons-is-layout-2 wp-block-buttons-is-layout-flex\">\n<div class=\"wp-block-button\"><a class=\"wp-block-button__link wp-element-button\" href=\"https:\/\/docs.google.com\/forms\/d\/e\/1FAIpQLScuj_FY-EpQTbKhIzN5HpvI85iO-3hwejYM1Uotqcue2gce2Q\/viewform?usp=header\"><strong>Formulario de Confirmaci\u00f3n de Asistencia<\/strong><\/a><\/div>\n<\/div>\n\n\n\n<div style=\"height:52px\" aria-hidden=\"true\" class=\"wp-block-spacer\"><\/div>\n\n\n\n<h1 class=\"wp-block-heading has-text-align-center has-x-large-font-size\">IX Congreso ISUF-H 2025<\/h1>\n\n\n\n<div style=\"height:1.25rem\" aria-hidden=\"true\" class=\"wp-block-spacer\"><\/div>\n\n\n\n<h2 class=\"wp-block-heading has-text-align-center\"><strong>CIUDAD DE M\u00c9XICO<\/strong> <\/h2>\n\n\n\n<p><\/p>\n\n\n\n<h3 class=\"wp-block-heading has-text-align-center\"><strong>CIUDADES Y DERECHOS HUMANOS. FORMA URBANA PARA LA JUSTICIA ESPACIAL<\/strong><\/h3>\n\n\n\n<p><\/p>\n\n\n\n<div style=\"height:27px\" aria-hidden=\"true\" class=\"wp-block-spacer\"><\/div>\n<\/div>\n<\/div>\n\n\n\n<div class=\"wp-block-group alignfull has-base-2-background-color has-background is-layout-constrained wp-container-core-group-is-layout-5 wp-block-group-is-layout-constrained\" style=\"margin-top:0;margin-bottom:0;padding-top:var(--wp--preset--spacing--50);padding-right:var(--wp--preset--spacing--50);padding-bottom:var(--wp--preset--spacing--50);padding-left:var(--wp--preset--spacing--50)\">\n<div class=\"wp-block-group is-vertical is-content-justification-left is-layout-flex wp-container-core-group-is-layout-3 wp-block-group-is-layout-flex\">\n<p class=\"has-text-align-center\">En pleno siglo XXI las ciudades se han convertido en nodos estrat\u00e9gicos de la vida humana, sin embargo y a pesar de los esfuerzos que se ha establecido desde las organizaciones internacionales como ONU-H\u00e1bitat y los ODS 2030, el hecho es que los avances en materia de repensar la pol\u00edtica y las formas de planeaci\u00f3n urbana a\u00fan amerita esfuerzos importantes al nivel acad\u00e9mico como pol\u00edtico para avanzar en una transformaci\u00f3n al nivel de la desigualdad espacial que caracteriza las mayor\u00eda de las ciudades en la actualidad, sobre todo, aquellas del Sur global. Los procesos de urbanizaci\u00f3n en que se respetan y promueven los derechos urbanos como derechos humanos tienen el potencial de transformar, contribuyendo positivamente a la vida de la mayor\u00eda de la poblaci\u00f3n mundial. Por lo anterior, las y los invitamos a reflexionar, debatir, as\u00ed como a construir colectivamente propuestas para pensar la forma urbana desde y para los derechos humanos y la justicia espacial en el IX Congreso ISUF-H 2025 CIUDADES Y DERECHOS HUMANOS. FORMA URBANA PARA LA JUSTICIA ESPACIAL que se realizar\u00e1 en la Ciudad de M\u00e9xico.<\/p>\n<\/div>\n\n\n\n<div style=\"height:75px\" aria-hidden=\"true\" class=\"wp-block-spacer\"><\/div>\n\n\n\n<div class=\"wp-block-group is-vertical is-content-justification-left is-layout-flex wp-container-core-group-is-layout-4 wp-block-group-is-layout-flex\">\n<p><strong>Fechas<\/strong><\/p>\n\n\n\n<p class=\"has-text-align-left\">Congreso: 3,4 y 5 de diciembre 2025<\/p>\n\n\n\n<p class=\"has-text-align-center\">Visita guiada: 6 de diciembre 2025<\/p>\n\n\n\n<div style=\"height:55px\" aria-hidden=\"true\" class=\"wp-block-spacer wp-container-content-1\"><\/div>\n\n\n\n<div class=\"wp-block-buttons is-layout-flex wp-block-buttons-is-layout-flex\">\n<div class=\"wp-block-button\"><a class=\"wp-block-button__link wp-element-button\" href=\"https:\/\/isufh2025cdmx.fa.unam.mx\/?page_id=15\">CONSULTA CONVOCATORIA<\/a><\/div>\n<\/div>\n\n\n\n<div style=\"height:0px\" aria-hidden=\"true\" class=\"wp-block-spacer wp-container-content-2\"><\/div>\n\n\n\n<div class=\"wp-block-buttons is-layout-flex wp-block-buttons-is-layout-flex\">\n<div class=\"wp-block-button\"><a class=\"wp-block-button__link wp-element-button\" href=\"https:\/\/isufh2025cdmx.fa.unam.mx\/?page_id=205\">CONSULTA LLAMADA DE RES\u00daMENES PARA PONENCIA<\/a><\/div>\n\n\n\n<div class=\"wp-block-button\"><a class=\"wp-block-button__link wp-element-button\" href=\"https:\/\/isufh2025cdmx.fa.unam.mx\/?page_id=248\">CONSULTA LLAMADA PARA CARTELES<\/a><\/div>\n<\/div>\n<\/div>\n\n\n\n<div style=\"margin-top:0;margin-bottom:0;height:var(--wp--preset--spacing--40)\" aria-hidden=\"true\" class=\"wp-block-spacer\"><\/div>\n\n\n\n<div class=\"wp-block-columns alignwide is-layout-flex wp-container-core-columns-is-layout-3 wp-block-columns-is-layout-flex\">\n<div class=\"wp-block-column is-layout-flow wp-container-core-column-is-layout-5 wp-block-column-is-layout-flow\">\n<h3 class=\"wp-block-heading has-text-align-center is-style-asterisk has-body-font-family has-medium-font-size\" style=\"font-style:normal;font-weight:600\">Video de presentaci\u00f3n IX Congreso ISUF-H <\/h3>\n\n\n\n<div class=\"wp-block-columns is-layout-flex wp-container-core-columns-is-layout-2 wp-block-columns-is-layout-flex\">\n<div class=\"wp-block-column is-layout-flow wp-block-column-is-layout-flow\" style=\"flex-basis:100%\">\n<div style=\"height:51px\" aria-hidden=\"true\" class=\"wp-block-spacer\"><\/div>\n<\/div>\n<\/div>\n\n\n\n<figure class=\"wp-block-embed is-type-video is-provider-youtube wp-block-embed-youtube wp-embed-aspect-16-9 wp-has-aspect-ratio\"><div class=\"wp-block-embed__wrapper\">\n<div class=\"ast-oembed-container \" style=\"height: 100%;\"><iframe loading=\"lazy\" title=\"Video de Presentaci\u00f3n ISUF-H 2025\" width=\"500\" height=\"281\" src=\"https:\/\/www.youtube.com\/embed\/pHU829A5QPM?feature=oembed\" frameborder=\"0\" allow=\"accelerometer; autoplay; clipboard-write; encrypted-media; gyroscope; picture-in-picture; web-share\" referrerpolicy=\"strict-origin-when-cross-origin\" allowfullscreen><\/iframe><\/div>\n<\/div><\/figure>\n<\/div>\n<\/div>\n\n\n\n<div style=\"height:var(--wp--preset--spacing--20)\" aria-hidden=\"true\" class=\"wp-block-spacer\"><\/div>\n\n\n\n<div class=\"wp-block-columns alignwide is-layout-flex wp-container-core-columns-is-layout-4 wp-block-columns-is-layout-flex\">\n<div class=\"wp-block-column is-layout-flow wp-container-core-column-is-layout-6 wp-block-column-is-layout-flow\">\n<h3 class=\"wp-block-heading has-text-align-left is-style-asterisk has-body-font-family has-medium-font-size\" style=\"font-style:normal;font-weight:600\">Participa en el IX Congreso ISUF-H 2025<\/h3>\n\n\n\n<p class=\"has-text-align-left\">Consulta Convocatoria vigente para participar en el IX Congreso ISUF-H 2025 Ciudad de M\u00e9xico<\/p>\n\n\n\n<figure class=\"wp-block-embed is-type-wp-embed is-provider-ix-congreso-isuf-h-2025-ciudad-de-m-xico wp-block-embed-ix-congreso-isuf-h-2025-ciudad-de-m-xico\"><div class=\"wp-block-embed__wrapper\">\n<blockquote class=\"wp-embedded-content\" data-secret=\"LG9iNJFHIP\"><a href=\"https:\/\/isufh2025cdmx.fa.unam.mx\/?page_id=15\">Convocatoria<\/a><\/blockquote><iframe loading=\"lazy\" class=\"wp-embedded-content\" sandbox=\"allow-scripts\" security=\"restricted\" style=\"position: absolute; visibility: hidden;\" title=\"&#8220;Convocatoria&#8221; &#8212; IX Congreso ISUF-H 2025 Ciudad de M\u00e9xico\" src=\"https:\/\/isufh2025cdmx.fa.unam.mx\/?page_id=15&#038;embed=true#?secret=XYQgvd8zLb#?secret=LG9iNJFHIP\" data-secret=\"LG9iNJFHIP\" width=\"500\" height=\"282\" frameborder=\"0\" marginwidth=\"0\" marginheight=\"0\" scrolling=\"no\"><\/iframe>\n<\/div><\/figure>\n<\/div>\n\n\n\n<div class=\"wp-block-column is-layout-flow wp-container-core-column-is-layout-7 wp-block-column-is-layout-flow\">\n<h3 class=\"wp-block-heading has-text-align-left is-style-asterisk has-body-font-family has-medium-font-size\" style=\"font-style:normal;font-weight:600\">ISUF-H<\/h3>\n\n\n\n<p class=\"has-text-align-left\">Conoce sobre el Hispanic International Seminar on Urban Form (ISUF-H) y las ediciones anteriores del Congreso<\/p>\n\n\n\n<p><a href=\"https:\/\/isufh.org\">https:\/\/isufh.org<\/a><\/p>\n<\/div>\n<\/div>\n<\/div>\n\n\n\n<div class=\"wp-block-group alignfull is-layout-constrained wp-container-core-group-is-layout-8 wp-block-group-is-layout-constrained\" style=\"margin-top:0;margin-bottom:0;padding-top:var(--wp--preset--spacing--50);padding-right:var(--wp--preset--spacing--50);padding-bottom:var(--wp--preset--spacing--50);padding-left:var(--wp--preset--spacing--50)\">\n<div class=\"wp-block-group alignwide is-layout-constrained wp-container-core-group-is-layout-7 wp-block-group-is-layout-constrained\">\n<div class=\"wp-block-group is-vertical is-content-justification-center is-layout-flex wp-container-core-group-is-layout-6 wp-block-group-is-layout-flex\">\n<h3 class=\"wp-block-heading has-text-align-left\">Instituciones organizadoras<\/h3>\n\n\n\n<figure class=\"wp-block-image size-large\"><img loading=\"lazy\" decoding=\"async\" width=\"1024\" height=\"213\" src=\"https:\/\/isufh2025cdmx.fa.unam.mx\/wp-content\/uploads\/2025\/11\/Cintillo-logotipos-1024x213.jpg\" alt=\"\" class=\"wp-image-719\" srcset=\"https:\/\/isufh2025cdmx.fa.unam.mx\/wp-content\/uploads\/2025\/11\/Cintillo-logotipos-1024x213.jpg 1024w, https:\/\/isufh2025cdmx.fa.unam.mx\/wp-content\/uploads\/2025\/11\/Cintillo-logotipos-300x63.jpg 300w, https:\/\/isufh2025cdmx.fa.unam.mx\/wp-content\/uploads\/2025\/11\/Cintillo-logotipos-768x160.jpg 768w, https:\/\/isufh2025cdmx.fa.unam.mx\/wp-content\/uploads\/2025\/11\/Cintillo-logotipos-1536x320.jpg 1536w, https:\/\/isufh2025cdmx.fa.unam.mx\/wp-content\/uploads\/2025\/11\/Cintillo-logotipos.jpg 1920w\" sizes=\"auto, (max-width: 1024px) 100vw, 1024px\" \/><\/figure>\n<\/div>\n\n\n\n<div style=\"height:var(--wp--preset--spacing--40)\" aria-hidden=\"true\" class=\"wp-block-spacer\"><\/div>\n<\/div>\n<\/div>\n\n\n\n<div class=\"wp-block-group alignfull is-layout-constrained wp-container-core-group-is-layout-10 wp-block-group-is-layout-constrained\" style=\"margin-top:0;margin-bottom:0;padding-top:var(--wp--preset--spacing--50);padding-right:var(--wp--preset--spacing--50);padding-bottom:var(--wp--preset--spacing--50);padding-left:var(--wp--preset--spacing--50)\">\n<div class=\"wp-block-group alignwide is-layout-constrained wp-block-group-is-layout-constrained\">\n<div class=\"wp-block-query alignwide is-layout-flow wp-block-query-is-layout-flow\"><ul class=\"wp-block-post-template is-layout-flow wp-block-post-template-is-layout-flow\"><li class=\"wp-block-post post-1 post type-post status-publish format-standard hentry category-uncategorized\">\n\n<hr class=\"wp-block-separator has-text-color has-contrast-3-color has-alpha-channel-opacity has-contrast-3-background-color has-background alignwide is-style-wide\"\/>\n\n\n\n<div class=\"wp-block-columns alignwide are-vertically-aligned-center is-layout-flex wp-container-core-columns-is-layout-5 wp-block-columns-is-layout-flex\" style=\"margin-top:var(--wp--preset--spacing--20);margin-bottom:var(--wp--preset--spacing--20)\">\n<div class=\"wp-block-column is-vertically-aligned-center is-layout-flow wp-block-column-is-layout-flow\" style=\"flex-basis:72%\"><\/div>\n\n\n\n<div class=\"wp-block-column is-vertically-aligned-center is-layout-flow wp-block-column-is-layout-flow\" style=\"flex-basis:28%\"><\/div>\n<\/div>\n\n<\/li><\/ul>\n\n\n<div style=\"height:var(--wp--preset--spacing--30)\" aria-hidden=\"true\" class=\"wp-block-spacer\"><\/div>\n\n\n<\/div>\n<\/div>\n<\/div>\n\n\n\n<div class=\"wp-block-group alignfull is-layout-constrained wp-container-core-group-is-layout-11 wp-block-group-is-layout-constrained\" style=\"margin-top:0;margin-bottom:0;padding-top:var(--wp--preset--spacing--50);padding-right:var(--wp--preset--spacing--50);padding-bottom:var(--wp--preset--spacing--50);padding-left:var(--wp--preset--spacing--50)\"><\/div>\n","protected":false},"excerpt":{"rendered":"<p>AVISOS IX Congreso ISUF-H 2025 CIUDAD DE M\u00c9XICO CIUDADES Y DERECHOS HUMANOS. FORMA URBANA PARA LA JUSTICIA ESPACIAL En pleno [&hellip;]<\/p>\n","protected":false},"author":2,"featured_media":0,"parent":0,"menu_order":0,"comment_status":"closed","ping_status":"closed","template":"","meta":{"site-sidebar-layout":"default","site-content-layout":"","ast-site-content-layout":"","site-content-style":"default","site-sidebar-style":"default","ast-global-header-display":"","ast-banner-title-visibility":"","ast-main-header-display":"","ast-hfb-above-header-display":"","ast-hfb-below-header-display":"","ast-hfb-mobile-header-display":"","site-post-title":"disabled","ast-breadcrumbs-content":"","ast-featured-img":"","footer-sml-layout":"","theme-transparent-header-meta":"","adv-header-id-meta":"","stick-header-meta":"","header-above-stick-meta":"","header-main-stick-meta":"","header-below-stick-meta":"","astra-migrate-meta-layouts":"default","ast-page-background-enabled":"default","ast-page-background-meta":{"desktop":{"background-color":"var(--ast-global-color-4)","background-image":"","background-repeat":"repeat","background-position":"center center","background-size":"auto","background-attachment":"scroll","background-type":"","background-media":"","overlay-type":"","overlay-color":"","overlay-opacity":"","overlay-gradient":""},"tablet":{"background-color":"","background-image":"","background-repeat":"repeat","background-position":"center center","background-size":"auto","background-attachment":"scroll","background-type":"","background-media":"","overlay-type":"","overlay-color":"","overlay-opacity":"","overlay-gradient":""},"mobile":{"background-color":"","background-image":"","background-repeat":"repeat","background-position":"center center","background-size":"auto","background-attachment":"scroll","background-type":"","background-media":"","overlay-type":"","overlay-color":"","overlay-opacity":"","overlay-gradient":""}},"ast-content-background-meta":{"desktop":{"background-color":"var(--ast-global-color-5)","background-image":"","background-repeat":"repeat","background-position":"center center","background-size":"auto","background-attachment":"scroll","background-type":"","background-media":"","overlay-type":"","overlay-color":"","overlay-opacity":"","overlay-gradient":""},"tablet":{"background-color":"var(--ast-global-color-5)","background-image":"","background-repeat":"repeat","background-position":"center center","background-size":"auto","background-attachment":"scroll","background-type":"","background-media":"","overlay-type":"","overlay-color":"","overlay-opacity":"","overlay-gradient":""},"mobile":{"background-color":"var(--ast-global-color-5)","background-image":"","background-repeat":"repeat","background-position":"center center","background-size":"auto","background-attachment":"scroll","background-type":"","background-media":"","overlay-type":"","overlay-color":"","overlay-opacity":"","overlay-gradient":""}},"footnotes":""},"class_list":["post-12","page","type-page","status-publish","hentry"],"jetpack_sharing_enabled":true,"_links":{"self":[{"href":"https:\/\/isufh2025cdmx.fa.unam.mx\/index.php?rest_route=\/wp\/v2\/pages\/12","targetHints":{"allow":["GET"]}}],"collection":[{"href":"https:\/\/isufh2025cdmx.fa.unam.mx\/index.php?rest_route=\/wp\/v2\/pages"}],"about":[{"href":"https:\/\/isufh2025cdmx.fa.unam.mx\/index.php?rest_route=\/wp\/v2\/types\/page"}],"author":[{"embeddable":true,"href":"https:\/\/isufh2025cdmx.fa.unam.mx\/index.php?rest_route=\/wp\/v2\/users\/2"}],"replies":[{"embeddable":true,"href":"https:\/\/isufh2025cdmx.fa.unam.mx\/index.php?rest_route=%2Fwp%2Fv2%2Fcomments&post=12"}],"version-history":[{"count":37,"href":"https:\/\/isufh2025cdmx.fa.unam.mx\/index.php?rest_route=\/wp\/v2\/pages\/12\/revisions"}],"predecessor-version":[{"id":720,"href":"https:\/\/isufh2025cdmx.fa.unam.mx\/index.php?rest_route=\/wp\/v2\/pages\/12\/revisions\/720"}],"wp:attachment":[{"href":"https:\/\/isufh2025cdmx.fa.unam.mx\/index.php?rest_route=%2Fwp%2Fv2%2Fmedia&parent=12"}],"curies":[{"name":"wp","href":"https:\/\/api.w.org\/{rel}","templated":true}]}}