{"id":24,"date":"2024-12-03T23:42:53","date_gmt":"2024-12-03T23:42:53","guid":{"rendered":"https:\/\/isufh2025cdmx.fa.unam.mx\/?page_id=24"},"modified":"2025-01-26T17:40:27","modified_gmt":"2025-01-26T23:40:27","slug":"comite-cientifico","status":"publish","type":"page","link":"https:\/\/isufh2025cdmx.fa.unam.mx\/?page_id=24","title":{"rendered":"Comit\u00e9 Cient\u00edfico"},"content":{"rendered":"\n<figure class=\"wp-block-image size-large\"><img loading=\"lazy\" decoding=\"async\" width=\"1024\" height=\"272\" src=\"https:\/\/isufh2025cdmx.fa.unam.mx\/wp-content\/uploads\/2024\/12\/BANNER_COMITE-CIENTIFICO_05122024-1024x272.jpg\" alt=\"\" class=\"wp-image-221\" srcset=\"https:\/\/isufh2025cdmx.fa.unam.mx\/wp-content\/uploads\/2024\/12\/BANNER_COMITE-CIENTIFICO_05122024-1024x272.jpg 1024w, https:\/\/isufh2025cdmx.fa.unam.mx\/wp-content\/uploads\/2024\/12\/BANNER_COMITE-CIENTIFICO_05122024-300x80.jpg 300w, https:\/\/isufh2025cdmx.fa.unam.mx\/wp-content\/uploads\/2024\/12\/BANNER_COMITE-CIENTIFICO_05122024-768x204.jpg 768w, https:\/\/isufh2025cdmx.fa.unam.mx\/wp-content\/uploads\/2024\/12\/BANNER_COMITE-CIENTIFICO_05122024.jpg 1200w\" sizes=\"auto, (max-width: 1024px) 100vw, 1024px\" \/><\/figure>\n\n\n\n<p>Almudena Nolasco Cirugeda &#8211; Universidad de Alicante (Espa\u00f1a)<\/p>\n\n\n\n<p>Ana Portal\u00e9s Ma\u00f1anos &#8211; Universitat Polit\u00e8cnica de Val\u00e8ncia (Espa\u00f1a)<\/p>\n\n\n\n<p>Asenet Sosa Espinosa &#8211; Universitat Polit\u00e8cnica de Val\u00e8ncia (Espa\u00f1a)<\/p>\n\n\n\n<p>Bego\u00f1a Serrano Lanzarote &#8211; Universitat Polit\u00e8cnica de Val\u00e8ncia (Espa\u00f1a)<\/p>\n\n\n\n<p>Blanca Ram\u00edrez Velazquez &#8211; Universidad Aut\u00f3noma Metropolitana (M\u00e9xico)<\/p>\n\n\n\n<p>Borja Ruiz-Apil\u00e1nez &#8211; Universidad de Castilla La Mancha (Espa\u00f1a)<\/p>\n\n\n\n<p>Carles Llop Torn\u00e9 &#8211; Universitat Polit\u00e8cnica de Catalunya (Espa\u00f1a)<\/p>\n\n\n\n<p>C\u00e9sar Mifsut Garc\u00eda &#8211; Universidad de Zaragoza (Espa\u00f1a)<\/p>\n\n\n\n<p>Clara Garc\u00eda Mayor &#8211; Universidad de Alicante (Espa\u00f1a)<\/p>\n\n\n\n<p>Daniel Navas Carrillo &#8211; Universidad de M\u00e1laga (Espa\u00f1a)<\/p>\n\n\n\n<p>David Morill\u00f3n G\u00e1lvez &#8211; Universidad Nacional Aut\u00f3noma de M\u00e9xico (M\u00e9xico)<\/p>\n\n\n\n<p>Eric Gielen &#8211; Universitat Polit\u00e8cnica de Val\u00e8ncia (Espa\u00f1a)<\/p>\n\n\n\n<p>Ester Higueras Garc\u00eda &#8211; Universitat Polit\u00e8cnica de Val\u00e8ncia (Espa\u00f1a)<\/p>\n\n\n\n<p>Mar\u00eda Eugenia Nilda Jaime) &#8211; Universidad General Sarmiento (Argentina)<\/p>\n\n\n\n<p>Fabian Gonzalez Luna &#8211; Universidad Nacional Aut\u00f3noma de M\u00e9xico (M\u00e9xico)<\/p>\n\n\n\n<p>Francisco de la Torre &#8211; Universidad Aut\u00f3noma Metropolitana (M\u00e9xico)<\/p>\n\n\n\n<p>Helga von Breymann &#8211; Universidad de Costa Rica (Costa Rica)<\/p>\n\n\n\n<p>Gloria Rami\u00edez Hern\u00e1ndez &#8211; Universidad Nacional Aut\u00f3noma de M\u00e9xico (M\u00e9xico)<\/p>\n\n\n\n<p>Gonzalo Vicente-Almaz\u00e1n P\u00e9rez de Petinto &#8211; Universitat Polit\u00e8cnica de Val\u00e8ncia (Espa\u00f1a)<\/p>\n\n\n\n<p>Ignacio Bosch Reig &#8211;  Hispanic International Seminar on Urban Form (ISUF-H)<\/p>\n\n\n\n<p>In\u00e9s Novella Abril &#8211; Universitat Polit\u00e8cnica de Val\u00e8ncia (Espa\u00f1a)<\/p>\n\n\n\n<p>Isabel Ezquerra Alc\u00e1zar &#8211; Universidad de Zaragoza (Espa\u00f1a)<\/p>\n\n\n\n<p>Ivan Cabrera i Fausto &#8211; Universitat Polit\u00e8cnica de Val\u00e8ncia  (Espa\u00f1a)<\/p>\n\n\n\n<p>Javier Fedele &#8211; Universidad Nacional de Rosario (Argentina)<\/p>\n\n\n\n<p>Javier Moncl\u00fas &#8211; Universidad de Zaragoza (Espa\u00f1a)<\/p>\n\n\n\n<p>Javier P\u00e9rez Igualada &#8211; Universitat Polit\u00e8cnica de Val\u00e8ncia  (Espa\u00f1a)<\/p>\n\n\n\n<p>Juan Luis de las Rivas &#8211; Universidad de Valladolid (Espa\u00f1a)<\/p>\n\n\n\n<p>Julia Deltoro Soto &#8211; Universitat Polit\u00e8cnica de Val\u00e8ncia  (Espa\u00f1a)<\/p>\n\n\n\n<p>Karla Arellano Hernandez &#8211; Universidad Aut\u00f3noma de Durango (M\u00e9xico)<\/p>\n\n\n\n<p>Leticia Serrano Estrada &#8211; Universidad de Alicante (Espa\u00f1a)<\/p>\n\n\n\n<p>Liliana L\u00f3pez Levi &#8211; Universidad Aut\u00f3noma Metropolitana (M\u00e9xico)<\/p>\n\n\n\n<p>Lisett Marquez L\u00f3pez &#8211;  Universidad Aut\u00f3noma Metropolitana (M\u00e9xico)<\/p>\n\n\n\n<p>Lisette Rosales S\u00e1nchez &#8211; Universidad Nacional Aut\u00f3noma de M\u00e9xico (M\u00e9xico)<\/p>\n\n\n\n<p>Madisson Rojas Carmona &#8211; Universidad Pedag\u00f3gica Nacional (Colombia)<\/p>\n\n\n\n<p>Marcela Armaro Rosales &#8211; Universidad Nacional Aut\u00f3noma de M\u00e9xico (M\u00e9xico)<\/p>\n\n\n\n<p>Mar\u00eda Cristina Garc\u00eda Gonz\u00e1lez &#8211; Universidad Polit\u00e9cnica de Madrid (Espa\u00f1a)<\/p>\n\n\n\n<p>Marina Jim\u00e9nez Jim\u00e9nez &#8211; Universidad de Valladolid (Espa\u00f1a)<\/p>\n\n\n\n<p>Orlando dos Santos Junio &#8211; Universidade Federal de Rio de Janeiro (Brasil)<\/p>\n\n\n\n<p>Pablo de la Cal Nicol\u00e1s &#8211; Universidad de Zaragoza (Espa\u00f1a)<\/p>\n\n\n\n<p>Pablo Mart\u00ed Ciriqui\u00e1n &#8211; Universidad de Alicante (Espa\u00f1a)<\/p>\n\n\n\n<p>Patricia Santos Pedrosa &#8211; Universidad de Beira Interior (Portugal)<\/p>\n\n\n\n<p>Patricia Schnitter Castellanos &#8211; Universidad Pontificia Bolivariana (Bolivia)<\/p>\n\n\n\n<p>Sara Morales Cardenas &#8211; Universidad Aut\u00f3noma de Ciudad Ju\u00e1rez (M\u00e9xico)<\/p>\n\n\n\n<p>Sergio Garc\u00eda P\u00e9rez &#8211; Universidad de Zaragoza (Espa\u00f1a)<\/p>\n\n\n\n<p>Socorro P\u00e9rez Rinc\u00f3n Fern\u00e1ndez &#8211; Universidad Aut\u00f3noma de Barcelona (Espa\u00f1a)<\/p>\n\n\n\n<p>Sol C\u00e1rdenas Arguedas &#8211; Universidad Nacional Aut\u00f3noma de M\u00e9xico (M\u00e9xico)<\/p>\n\n\n\n<p>Susana Ezeta Genis &#8211; Universidad Nacional Aut\u00f3noma de M\u00e9xico (M\u00e9xico)<\/p>\n\n\n\n<p>Vicente Colomer Sendra &#8211; Hispanic International Seminar on Urban Form (ISUF-H)<\/p>\n\n\n\n<p>Vladimir Hernandez Hernandez &#8211; Universidad Aut\u00f3noma de Ciudad Ju\u00e1rez (M\u00e9xico)<\/p>\n\n\n\n<p><\/p>\n","protected":false},"excerpt":{"rendered":"<p>Almudena Nolasco Cirugeda &#8211; Universidad de Alicante (Espa\u00f1a) Ana Portal\u00e9s Ma\u00f1anos &#8211; Universitat Polit\u00e8cnica de Val\u00e8ncia (Espa\u00f1a) Asenet Sosa Espinosa [&hellip;]<\/p>\n","protected":false},"author":2,"featured_media":0,"parent":0,"menu_order":0,"comment_status":"closed","ping_status":"closed","template":"","meta":{"site-sidebar-layout":"default","site-content-layout":"","ast-site-content-layout":"","site-content-style":"default","site-sidebar-style":"default","ast-global-header-display":"","ast-banner-title-visibility":"","ast-main-header-display":"","ast-hfb-above-header-display":"","ast-hfb-below-header-display":"","ast-hfb-mobile-header-display":"","site-post-title":"disabled","ast-breadcrumbs-content":"","ast-featured-img":"","footer-sml-layout":"","theme-transparent-header-meta":"","adv-header-id-meta":"","stick-header-meta":"","header-above-stick-meta":"","header-main-stick-meta":"","header-below-stick-meta":"","astra-migrate-meta-layouts":"default","ast-page-background-enabled":"default","ast-page-background-meta":{"desktop":{"background-color":"var(--ast-global-color-4)","background-image":"","background-repeat":"repeat","background-position":"center center","background-size":"auto","background-attachment":"scroll","background-type":"","background-media":"","overlay-type":"","overlay-color":"","overlay-opacity":"","overlay-gradient":""},"tablet":{"background-color":"","background-image":"","background-repeat":"repeat","background-position":"center center","background-size":"auto","background-attachment":"scroll","background-type":"","background-media":"","overlay-type":"","overlay-color":"","overlay-opacity":"","overlay-gradient":""},"mobile":{"background-color":"","background-image":"","background-repeat":"repeat","background-position":"center center","background-size":"auto","background-attachment":"scroll","background-type":"","background-media":"","overlay-type":"","overlay-color":"","overlay-opacity":"","overlay-gradient":""}},"ast-content-background-meta":{"desktop":{"background-color":"var(--ast-global-color-5)","background-image":"","background-repeat":"repeat","background-position":"center center","background-size":"auto","background-attachment":"scroll","background-type":"","background-media":"","overlay-type":"","overlay-color":"","overlay-opacity":"","overlay-gradient":""},"tablet":{"background-color":"var(--ast-global-color-5)","background-image":"","background-repeat":"repeat","background-position":"center center","background-size":"auto","background-attachment":"scroll","background-type":"","background-media":"","overlay-type":"","overlay-color":"","overlay-opacity":"","overlay-gradient":""},"mobile":{"background-color":"var(--ast-global-color-5)","background-image":"","background-repeat":"repeat","background-position":"center center","background-size":"auto","background-attachment":"scroll","background-type":"","background-media":"","overlay-type":"","overlay-color":"","overlay-opacity":"","overlay-gradient":""}},"footnotes":""},"class_list":["post-24","page","type-page","status-publish","hentry"],"jetpack_sharing_enabled":true,"_links":{"self":[{"href":"https:\/\/isufh2025cdmx.fa.unam.mx\/index.php?rest_route=\/wp\/v2\/pages\/24","targetHints":{"allow":["GET"]}}],"collection":[{"href":"https:\/\/isufh2025cdmx.fa.unam.mx\/index.php?rest_route=\/wp\/v2\/pages"}],"about":[{"href":"https:\/\/isufh2025cdmx.fa.unam.mx\/index.php?rest_route=\/wp\/v2\/types\/page"}],"author":[{"embeddable":true,"href":"https:\/\/isufh2025cdmx.fa.unam.mx\/index.php?rest_route=\/wp\/v2\/users\/2"}],"replies":[{"embeddable":true,"href":"https:\/\/isufh2025cdmx.fa.unam.mx\/index.php?rest_route=%2Fwp%2Fv2%2Fcomments&post=24"}],"version-history":[{"count":10,"href":"https:\/\/isufh2025cdmx.fa.unam.mx\/index.php?rest_route=\/wp\/v2\/pages\/24\/revisions"}],"predecessor-version":[{"id":482,"href":"https:\/\/isufh2025cdmx.fa.unam.mx\/index.php?rest_route=\/wp\/v2\/pages\/24\/revisions\/482"}],"wp:attachment":[{"href":"https:\/\/isufh2025cdmx.fa.unam.mx\/index.php?rest_route=%2Fwp%2Fv2%2Fmedia&parent=24"}],"curies":[{"name":"wp","href":"https:\/\/api.w.org\/{rel}","templated":true}]}}