{"id":49,"date":"2024-12-03T23:46:29","date_gmt":"2024-12-03T23:46:29","guid":{"rendered":"https:\/\/isufh2025cdmx.fa.unam.mx\/?page_id=49"},"modified":"2024-12-10T17:38:02","modified_gmt":"2024-12-10T23:38:02","slug":"contacto","status":"publish","type":"page","link":"https:\/\/isufh2025cdmx.fa.unam.mx\/?page_id=49","title":{"rendered":"Contacto"},"content":{"rendered":"\n<p><\/p>\n\n\n\n<p>Para consultas espec\u00edficas sobre el Congreso contacta en: isufh2025@fa.unam.mx<\/p>\n\n\n\n<p>Responsable: Dra. Carla Filipe Narciso, Comit\u00e9 Organizador ISUF-H 2025 Ciudad de M\u00e9xico.&nbsp;&nbsp;<\/p>\n\n\n\n<p><\/p>\n\n\n\n<h3 class=\"wp-block-heading\">Formulario<\/h3>\n\n\n<p><iframe loading=\"lazy\" src=\"https:\/\/docs.google.com\/forms\/d\/e\/1FAIpQLScOte-PVYmzgv_GxCa7_od28QgT6kRpZja8Q6s7vMNfVGhXxw\/viewform?embedded=true\" width=\"640\" height=\"1214\" frameborder=\"0\" marginheight=\"0\" marginwidth=\"0\">Cargando\u2026<\/iframe><\/p>\n\n\n\n<p><\/p>\n\n\n\n<p>FACULTAD DE ARQUITECTURA UNAM<\/p>\n\n\n\n<p>Direcci\u00f3n: Escolar, C.U., Coyoac\u00e1n, 04510 Ciudad de M\u00e9xico, CDMX<\/p>\n\n\n\n<iframe src=\"https:\/\/www.google.com\/maps\/embed?pb=!1m18!1m12!1m3!1d104651.56331455061!2d-99.27817505253991!3d19.338893689671853!2m3!1f0!2f0!3f0!3m2!1i1024!2i768!4f13.1!3m3!1m2!1s0x85ce00012fb818cb%3A0xa820759305012b31!2sFacultad%20de%20Arquitectura%20UNAM!5e0!3m2!1ses-419!2smx!4v1733520738169!5m2!1ses-419!2smx\" width=\"800\" height=\"350\" style=\"border:0;\" allowfullscreen=\"\" loading=\"lazy\" referrerpolicy=\"no-referrer-when-downgrade\"><\/iframe>\n","protected":false},"excerpt":{"rendered":"<p>Para consultas espec\u00edficas sobre el Congreso contacta en: isufh2025@fa.unam.mx Responsable: Dra. Carla Filipe Narciso, Comit\u00e9 Organizador ISUF-H 2025 Ciudad de [&hellip;]<\/p>\n","protected":false},"author":2,"featured_media":0,"parent":0,"menu_order":0,"comment_status":"closed","ping_status":"closed","template":"","meta":{"site-sidebar-layout":"default","site-content-layout":"","ast-site-content-layout":"","site-content-style":"default","site-sidebar-style":"default","ast-global-header-display":"","ast-banner-title-visibility":"","ast-main-header-display":"","ast-hfb-above-header-display":"","ast-hfb-below-header-display":"","ast-hfb-mobile-header-display":"","site-post-title":"","ast-breadcrumbs-content":"","ast-featured-img":"","footer-sml-layout":"","theme-transparent-header-meta":"","adv-header-id-meta":"","stick-header-meta":"","header-above-stick-meta":"","header-main-stick-meta":"","header-below-stick-meta":"","astra-migrate-meta-layouts":"default","ast-page-background-enabled":"default","ast-page-background-meta":{"desktop":{"background-color":"var(--ast-global-color-4)","background-image":"","background-repeat":"repeat","background-position":"center center","background-size":"auto","background-attachment":"scroll","background-type":"","background-media":"","overlay-type":"","overlay-color":"","overlay-opacity":"","overlay-gradient":""},"tablet":{"background-color":"","background-image":"","background-repeat":"repeat","background-position":"center center","background-size":"auto","background-attachment":"scroll","background-type":"","background-media":"","overlay-type":"","overlay-color":"","overlay-opacity":"","overlay-gradient":""},"mobile":{"background-color":"","background-image":"","background-repeat":"repeat","background-position":"center center","background-size":"auto","background-attachment":"scroll","background-type":"","background-media":"","overlay-type":"","overlay-color":"","overlay-opacity":"","overlay-gradient":""}},"ast-content-background-meta":{"desktop":{"background-color":"var(--ast-global-color-5)","background-image":"","background-repeat":"repeat","background-position":"center center","background-size":"auto","background-attachment":"scroll","background-type":"","background-media":"","overlay-type":"","overlay-color":"","overlay-opacity":"","overlay-gradient":""},"tablet":{"background-color":"var(--ast-global-color-5)","background-image":"","background-repeat":"repeat","background-position":"center center","background-size":"auto","background-attachment":"scroll","background-type":"","background-media":"","overlay-type":"","overlay-color":"","overlay-opacity":"","overlay-gradient":""},"mobile":{"background-color":"var(--ast-global-color-5)","background-image":"","background-repeat":"repeat","background-position":"center center","background-size":"auto","background-attachment":"scroll","background-type":"","background-media":"","overlay-type":"","overlay-color":"","overlay-opacity":"","overlay-gradient":""}},"footnotes":""},"class_list":["post-49","page","type-page","status-publish","hentry"],"jetpack_sharing_enabled":true,"_links":{"self":[{"href":"https:\/\/isufh2025cdmx.fa.unam.mx\/index.php?rest_route=\/wp\/v2\/pages\/49","targetHints":{"allow":["GET"]}}],"collection":[{"href":"https:\/\/isufh2025cdmx.fa.unam.mx\/index.php?rest_route=\/wp\/v2\/pages"}],"about":[{"href":"https:\/\/isufh2025cdmx.fa.unam.mx\/index.php?rest_route=\/wp\/v2\/types\/page"}],"author":[{"embeddable":true,"href":"https:\/\/isufh2025cdmx.fa.unam.mx\/index.php?rest_route=\/wp\/v2\/users\/2"}],"replies":[{"embeddable":true,"href":"https:\/\/isufh2025cdmx.fa.unam.mx\/index.php?rest_route=%2Fwp%2Fv2%2Fcomments&post=49"}],"version-history":[{"count":13,"href":"https:\/\/isufh2025cdmx.fa.unam.mx\/index.php?rest_route=\/wp\/v2\/pages\/49\/revisions"}],"predecessor-version":[{"id":382,"href":"https:\/\/isufh2025cdmx.fa.unam.mx\/index.php?rest_route=\/wp\/v2\/pages\/49\/revisions\/382"}],"wp:attachment":[{"href":"https:\/\/isufh2025cdmx.fa.unam.mx\/index.php?rest_route=%2Fwp%2Fv2%2Fmedia&parent=49"}],"curies":[{"name":"wp","href":"https:\/\/api.w.org\/{rel}","templated":true}]}}